{"id":42006,"date":"2024-09-25T17:54:24","date_gmt":"2024-09-25T15:54:24","guid":{"rendered":"https:\/\/www.snowpaws.de\/shop\/?post_type=product&#038;p=42006"},"modified":"2026-04-01T19:09:26","modified_gmt":"2026-04-01T17:09:26","slug":"patch-fuer-runden-flauschkreis-an-geschirren-verschiedene-designs","status":"publish","type":"product","link":"https:\/\/www.snowpaws.de\/shop\/produkt\/patch-fuer-runden-flauschkreis-an-geschirren-verschiedene-designs\/","title":{"rendered":"Patch f\u00fcr runden Flauschkreis an Geschirren &#8211; verschiedene Designs"},"content":{"rendered":"","protected":false},"excerpt":{"rendered":"<p>vorgefertigte Patches mit 8cm Durchmesser mit Hakenklettr\u00fcckseite oder zum Selbstaufn\u00e4hen<\/p>\n<p>passend f\u00fcr das Produktextra<a href=\"https:\/\/www.snowpaws.de\/shop\/produkt\/produktextra-runder-flauschkreis-fuer-vereinsklettis-fuer-nukka-geschirre\/?v=94ba4e305bb3\"> runder Flauschkreis f\u00fcr Geschirre<\/a><\/p>\n<p>made by Lisas Pf\u00f6tchengl\u00fcck<\/p>\n<p>Lieferzeit f\u00fcr vorgefertigte vorr\u00e4tige Patches 1-3 Werktage. Wird der Patch zusammen mit einem Geschirr bestellt, gilt die Lieferzeit f\u00fcr Anfertigungen, da die Waren zusammen verschickt werden.<\/p>\n","protected":false},"featured_media":42018,"template":"","meta":{"_seopress_robots_primary_cat":"none","_seopress_titles_title":"","_seopress_titles_desc":"","_seopress_robots_index":"","ngg_post_thumbnail":0},"product_brand":[],"product_cat":[434],"product_tag":[],"class_list":{"0":"post-42006","1":"product","2":"type-product","3":"status-publish","4":"has-post-thumbnail","6":"product_cat-klettpatches-by-lisas-pfoetchenglueck","8":"first","9":"instock","10":"taxable","11":"shipping-taxable","12":"purchasable","13":"product-type-variable"},"_links":{"self":[{"href":"https:\/\/www.snowpaws.de\/shop\/wp-json\/wp\/v2\/product\/42006","targetHints":{"allow":["GET"]}}],"collection":[{"href":"https:\/\/www.snowpaws.de\/shop\/wp-json\/wp\/v2\/product"}],"about":[{"href":"https:\/\/www.snowpaws.de\/shop\/wp-json\/wp\/v2\/types\/product"}],"wp:featuredmedia":[{"embeddable":true,"href":"https:\/\/www.snowpaws.de\/shop\/wp-json\/wp\/v2\/media\/42018"}],"wp:attachment":[{"href":"https:\/\/www.snowpaws.de\/shop\/wp-json\/wp\/v2\/media?parent=42006"}],"wp:term":[{"taxonomy":"product_brand","embeddable":true,"href":"https:\/\/www.snowpaws.de\/shop\/wp-json\/wp\/v2\/product_brand?post=42006"},{"taxonomy":"product_cat","embeddable":true,"href":"https:\/\/www.snowpaws.de\/shop\/wp-json\/wp\/v2\/product_cat?post=42006"},{"taxonomy":"product_tag","embeddable":true,"href":"https:\/\/www.snowpaws.de\/shop\/wp-json\/wp\/v2\/product_tag?post=42006"}],"curies":[{"name":"wp","href":"https:\/\/api.w.org\/{rel}","templated":true}]}}