{"id":40144,"date":"2022-04-26T14:44:45","date_gmt":"2022-04-26T12:44:45","guid":{"rendered":"https:\/\/www.snowpaws.de\/shop\/?post_type=product&#038;p=40144"},"modified":"2026-01-02T00:01:58","modified_gmt":"2026-01-01T23:01:58","slug":"trailgeschirr-nukka-1size","status":"publish","type":"product","link":"https:\/\/www.snowpaws.de\/shop\/produkt\/trailgeschirr-nukka-1size\/","title":{"rendered":"Trailgeschirr Nukka\u00ae 1size"},"content":{"rendered":"<p>Dieses Geschirr wurde speziell f\u00fcr ziehende Hunde entwickelt, welche in anderen F\u00fchrgeschirren Probleme mit der Atmung bekommen (R\u00f6cheln). Durch den unterbrochenen R\u00fcckensteg zieht sich dieses Geschirr unter Zug nicht in den Hals. Es ist angelehnt an das klassische Zuggeschirr in Kurzform. Daher ist es bestens geeignet zum Wandern, Radfahren, Scootern, Mantrailing oder auch f\u00fcr Canicross.<\/p>\n<p>Oftmals ziehen sich herk\u00f6mmliche F\u00fchrgeschirre durch die gerade Verbindung zwischen Ankerpunkt der Leine und Halsbereich unter Zug den Hals hoch in die Luftr\u00f6hre des Hundes. Folge ist R\u00f6cheln, starke Atemger\u00e4usche und eventuell \u00dcbergeben.<\/p>\n<p>Vorteile von &#8222;Nukka&#8220;:<\/p>\n<ul>\n<li>Kein Zug in die Luftr\u00f6hre auch nicht unter starkem Ziehen mit nach unten gesenktem Kopf<\/li>\n<li>Hund kann sich nicht so leicht wie bei anderen Zuggeschirren nach hinten herauswinden<\/li>\n<li>durch die R\u00fcckenkonstruktion verrutscht das Geschirr weniger, auch bei seitlichem Zug (wie am Fahrrad zum Beispiel)<\/li>\n<li>schnelles An und Ausziehen durch 2 Schnallen<\/li>\n<\/ul>\n<p>Daher ist es auch ideal zum Trailen geeignet.<\/p>\n<h3><strong>Ma\u00dftabelle<\/strong><\/h3>\n<p><strong><span style=\"color: #ff6600;\">Wichtige Information zur Materialwahl:<\/span><\/strong><\/p>\n<p><strong><span style=\"color: #ff6600;\">Verschl\u00fcsse: f\u00fcr die Gr\u00f6\u00dfen 1 und 5 sind keine Sicherheitsverschl\u00fcsse verf\u00fcgbar.<\/span><\/strong><\/p>\n<p><strong><span style=\"color: #ff6600;\">Hinweis: Aktuelle Produktfotos folgen noch.<\/span><\/strong><\/p>\n<p>Die Gr\u00f6\u00dfenbezeichnungen haben sich ge\u00e4ndert, da es in der Vergangenheit zu Verwechslungen mit dem normalen Nukka\u00ae gekommen ist.<\/p>\n<table width=\"346\">\n<tbody>\n<tr>\n<td width=\"80\">A-B<\/td>\n<td width=\"92\">Brustumfang<\/td>\n<td width=\"94\">R\u00fcckenl\u00e4nge<\/td>\n<td width=\"80\">Gr\u00f6\u00dfe&nbsp;<\/td>\n<\/tr>\n<tr>\n<td>16-22<\/td>\n<td>36-45<\/td>\n<td>29-36<\/td>\n<td>XS (1)<\/td>\n<\/tr>\n<tr>\n<td>18-25<\/td>\n<td>45-62<\/td>\n<td>32-42<\/td>\n<td>S (2)<\/td>\n<\/tr>\n<tr>\n<td>23-30<\/td>\n<td>60-78<\/td>\n<td>40-60<\/td>\n<td>M (3)<\/td>\n<\/tr>\n<tr>\n<td>27-34<\/td>\n<td>70-85<\/td>\n<td>52-70<\/td>\n<td>L (4)<\/td>\n<\/tr>\n<tr>\n<td>32-40<\/td>\n<td>78-95<\/td>\n<td>60-80<\/td>\n<td>XL (5)<\/td>\n<\/tr>\n<\/tbody>\n<\/table>\n","protected":false},"excerpt":{"rendered":"<p>&nbsp;<\/p>\n<p>Einsatzbereiche: Wandern, Canicross, Bike, Dogscooter, Mantrailing<\/p>\n<p>6-fach stufenlos verstellbar am Hals, im Brustumfang und der R\u00fcckenl\u00e4nge. Wird bei Ma\u00dfanfertigung so gefertigt, dass es kleiner und gr\u00f6\u00dfer als das angegebene Ma\u00df verstellbar ist.&nbsp;<br \/>\nSehr gut auch f\u00fcr Junghunde geeignet, die am Brustkorb noch wachsen und bei denen ein fester Halsausschnitt schnell zu klein wird.<\/p>\n<p>Hinweis zur Ma\u00dfanfertigung:<br \/>\nDamit Ihr ma\u00dfgefertigtes Geschirr perfekt sitzt, ist manchmal eine Anprobe mit einem Probegeschirr n\u00f6tig. Da die Anfertigung individuell und mit erh\u00f6htem Aufwand verbunden ist, fallen etwas h\u00f6here Produktionskosten an. Diese sind bereits im angegebenen Aufpreis enthalten. Der Aufpreis wird erstattet, falls das Geschirr in einer Standardgr\u00f6\u00dfe gefertigt wird.<\/p>\n<p>Zur Gr\u00f6\u00dfenbestimmung finden Sie unten die Gr\u00f6\u00dfentabelle.<\/p>\n<p><strong><span style=\"color: #3366ff;\">Wichtig f\u00fcr Ma\u00dfanfertiungen: Geben Sie bei AB ganz normal den Wert an, den Sie am Hund messen. Das Geschirr wird an der Stelle kleiner und gr\u00f6\u00dfer verstellbar sein.<\/span><\/strong><\/p>\n<p>&nbsp;<\/p>\n","protected":false},"featured_media":40054,"template":"","meta":{"_seopress_robots_primary_cat":"none","_seopress_titles_title":"","_seopress_titles_desc":"","_seopress_robots_index":"","ngg_post_thumbnail":0},"product_brand":[],"product_cat":[39,428],"product_tag":[377,74,366],"class_list":{"0":"post-40144","1":"product","2":"type-product","3":"status-publish","4":"has-post-thumbnail","6":"product_cat-trailgeschirre","7":"product_cat-haendlerrabatt","8":"product_tag-bemerkung","9":"product_tag-selber_messen","10":"product_tag-farbkombinationen_nukka","12":"first","13":"instock","14":"taxable","15":"shipping-taxable","16":"purchasable","17":"product-type-variable","18":"has-default-attributes"},"_links":{"self":[{"href":"https:\/\/www.snowpaws.de\/shop\/wp-json\/wp\/v2\/product\/40144","targetHints":{"allow":["GET"]}}],"collection":[{"href":"https:\/\/www.snowpaws.de\/shop\/wp-json\/wp\/v2\/product"}],"about":[{"href":"https:\/\/www.snowpaws.de\/shop\/wp-json\/wp\/v2\/types\/product"}],"wp:featuredmedia":[{"embeddable":true,"href":"https:\/\/www.snowpaws.de\/shop\/wp-json\/wp\/v2\/media\/40054"}],"wp:attachment":[{"href":"https:\/\/www.snowpaws.de\/shop\/wp-json\/wp\/v2\/media?parent=40144"}],"wp:term":[{"taxonomy":"product_brand","embeddable":true,"href":"https:\/\/www.snowpaws.de\/shop\/wp-json\/wp\/v2\/product_brand?post=40144"},{"taxonomy":"product_cat","embeddable":true,"href":"https:\/\/www.snowpaws.de\/shop\/wp-json\/wp\/v2\/product_cat?post=40144"},{"taxonomy":"product_tag","embeddable":true,"href":"https:\/\/www.snowpaws.de\/shop\/wp-json\/wp\/v2\/product_tag?post=40144"}],"curies":[{"name":"wp","href":"https:\/\/api.w.org\/{rel}","templated":true}]}}