{"id":762,"date":"2017-07-30T22:04:39","date_gmt":"2017-07-30T20:04:39","guid":{"rendered":"https:\/\/www.snowpaws.de\/shop\/?page_id=762"},"modified":"2026-02-16T20:18:55","modified_gmt":"2026-02-16T19:18:55","slug":"messanleitung","status":"publish","type":"page","link":"https:\/\/www.snowpaws.de\/shop\/messanleitung\/","title":{"rendered":"Messanleitung f\u00fcr X-Back und &#8222;Nukka&#8220;"},"content":{"rendered":"<h2><a href=\"https:\/\/www.snowpaws.de\/shop\/wp-content\/uploads\/sites\/2\/2017\/07\/punkte-1.png\"><img loading=\"lazy\" decoding=\"async\" class=\"aligncenter wp-image-785 size-full\" src=\"https:\/\/www.snowpaws.de\/shop\/wp-content\/uploads\/sites\/2\/2017\/07\/punkte-1.png\" alt=\"\" width=\"927\" height=\"612\" srcset=\"https:\/\/www.snowpaws.de\/shop\/wp-content\/uploads\/sites\/2\/2017\/07\/punkte-1.png 927w, https:\/\/www.snowpaws.de\/shop\/wp-content\/uploads\/sites\/2\/2017\/07\/punkte-1-300x198.png 300w, https:\/\/www.snowpaws.de\/shop\/wp-content\/uploads\/sites\/2\/2017\/07\/punkte-1-768x507.png 768w\" sizes=\"auto, (max-width: 927px) 100vw, 927px\" \/><\/a><\/h2>\n<h2>&nbsp;<\/h2>\n<h2><strong>Begriffserkl\u00e4rung:<\/strong><\/h2>\n<p>Das wichtigste zuerst. Die Geschirre sind f\u00fcr den Zug konzepiert, vorallem die Messungen von Hals und Brust m\u00fcssen so eng wie m\u00f6glich gemessen werden, sprich das Fell zur Seite schieben, so dass die Messung auf der Haut erfolgt. Diese Messungen sind alles Hilfsgr\u00f6ssen, die sich auf das ganze Geschirr auswirken.<\/p>\n<p>A:&nbsp; Wenn der Hund gerade steht und den Kopf hebt ist es genau der Knick, wo der Hals aufh\u00f6rt und der R\u00fccken beginnt. F\u00fchlbar sind hier die Schulterbl\u00e4tter. Viele Hunde haben dort auch einen Richtungswechsel im Fell, so dass sich eine Halslinie abzeichnet.&nbsp;<\/p>\n<p>B: <strong>Der Beginn<\/strong> des Brustbeins, welches zwischen den Vorderbeinen die Brust abzeichnet. Der Punkt B ist sehr eindeutig f\u00fchlbar als knochiger Knubbel unter dem Hals. In etwa auf der H\u00f6he wo die Vorderbeine ansetzen.<\/p>\n<p>C: Der Schwanzsanz. Wenn du den Schwanz anhebst, ist das der Punkt, wo der Knick ist. Quasi dort wo der R\u00fccken aufh\u00f6rt und der Schwanz beginnt.<\/p>\n<p>Brustumfang: Als wirklich einziges (!!) Ma\u00df, welches als Umfang zu messen ist. Wenn du den Hund seitlich betrachtest, liegt etwa auf H\u00f6he der Vorderbeine oder etwas dahinter an der Brust der tiefste Punkt. An diesem Punkt den Brustumfang messen.<\/p>\n<h2><strong>L\u00e4nge A &#8211; B:<\/strong><\/h2>\n<p>F\u00fchle die Schulterbl\u00e4tter des Hundes an der Stelle, wo der Hals in den R\u00fccken \u00fcbergeht. Lege hier das Ma\u00dfband mittig an (Punkt <strong>A<\/strong>). F\u00fchre das Band enganliegend &#8211; wirklich enganliegend, kein Finger darf dazwischen platz haben! &#8211;&nbsp; unter dem Fell am Hals nach vorne bis zum Brustbein (f\u00fchlbarer Hubbel mittig unterhalb des Halses). Lies nun am Ende bei Brustbein <strong>B<\/strong> den Wert ab.<\/p>\n<p><strong><span style=\"color: #800000;\">Mache anschlie\u00dfend zur Kontrolle eine Schlaufe mit dem Ma\u00dfband beim doppelt abgelesenen Wert. Wenn du z.B. 28cm gemessen hast, dann mach eine Schlaufe bei 56cm. F\u00fchre nun den Kopf des Hundes durch die Schlaufe. Der Kopf sollte locker hindurchgehen, aber nicht zu locker. Passt der Kopf nicht hindurch, miss noch einmal nach. Stimmt das Ma\u00df, braucht der Hund einen Verschluss am Halsausschnitt. Dies ist bei z.B. sehr kleinen Hunden mit gro\u00dfem Kopf h\u00e4ufig der Fall.&nbsp;<\/span><\/strong><\/p>\n<p>&nbsp;<\/p>\n<h2><a href=\"https:\/\/www.snowpaws.de\/shop\/wp-content\/uploads\/sites\/2\/2017\/07\/punkte4.png\"><img loading=\"lazy\" decoding=\"async\" class=\"alignnone wp-image-793 size-medium\" src=\"https:\/\/www.snowpaws.de\/shop\/wp-content\/uploads\/sites\/2\/2017\/07\/punkte4-300x271.png\" alt=\"\" width=\"300\" height=\"271\" srcset=\"https:\/\/www.snowpaws.de\/shop\/wp-content\/uploads\/sites\/2\/2017\/07\/punkte4-300x271.png 300w, https:\/\/www.snowpaws.de\/shop\/wp-content\/uploads\/sites\/2\/2017\/07\/punkte4.png 512w\" sizes=\"auto, (max-width: 300px) 100vw, 300px\" \/><\/a><\/h2>\n<p>&nbsp;<\/p>\n<h2><strong>L\u00e4nge A &#8211; C:<\/strong><\/h2>\n<p>Lege das Ma\u00dfband zwischen den Schulterbl\u00e4ttern&nbsp; (Punkt <strong>A)<\/strong> an und miss die L\u00e4nge bis zum Schwanzansatz (<strong>C<\/strong>). Um den Schwanzansatz optimal zu bestimmen, hebe den Schwanz des Hundes an. Vor allem bei sehr pl\u00fcschigen Hunden kann das Fell sehr t\u00e4uschen.<a href=\"https:\/\/www.snowpaws.de\/shop\/wp-content\/uploads\/sites\/2\/2017\/07\/punkte2.png\"><br \/>\n<\/a><\/p>\n<p>ACHTUNG: bei manchen Hunden ist der Schwanzansatz sehr weit hinten und tiefer angesetzt wie die H\u00fcfth\u00f6cker. Dies ist deutlich daran zu erkennen, dass wenn der Hund gerade steht und man den Schwanz anhebt, sich hier vom geraden R\u00fccken aus gesehen zun\u00e4chst eine leichte W\u00f6lbung nach unten ergibt bis der Schwanz ansetzt.<br \/>\nSollte das bei deinem Hund der Fall sein, lese den Punkt C nicht am eigentlichen Schwanzansatz ab sondern auf H\u00f6he der H\u00fcfth\u00f6cker, die in gerader Linie \u00fcber den Hinterl\u00e4ufen zu f\u00fchlen sind.<\/p>\n<p><a href=\"https:\/\/www.snowpaws.de\/shop\/wp-content\/uploads\/sites\/2\/2017\/07\/punkte3.png\"><img loading=\"lazy\" decoding=\"async\" class=\"alignnone wp-image-787 size-medium\" src=\"https:\/\/www.snowpaws.de\/shop\/wp-content\/uploads\/sites\/2\/2017\/07\/punkte3-300x141.png\" alt=\"\" width=\"300\" height=\"141\" srcset=\"https:\/\/www.snowpaws.de\/shop\/wp-content\/uploads\/sites\/2\/2017\/07\/punkte3-300x141.png 300w, https:\/\/www.snowpaws.de\/shop\/wp-content\/uploads\/sites\/2\/2017\/07\/punkte3-768x362.png 768w, https:\/\/www.snowpaws.de\/shop\/wp-content\/uploads\/sites\/2\/2017\/07\/punkte3.png 796w\" sizes=\"auto, (max-width: 300px) 100vw, 300px\" \/><\/a><\/p>\n<p>&nbsp;<\/p>\n<h2><strong>Brustumfang DF:<\/strong><\/h2>\n<p>Miss den <strong>Umfang<\/strong> <strong>der Brust<\/strong> an der tiefsten Stelle (E) der Brust hinter den Vorderbeinen. Bitte enganliegend messen! Bei den Geschirren wird hier kein Gurt entlang gen\u00e4ht, der den Hund einschn\u00fcren w\u00fcrde. Das Ma\u00df ist wichtig f\u00fcr die L\u00e4ngenbestimmung der Brustgurte. Daher miss so eng, dass kein Finger mehr zwischen passt! Miss bei pl\u00fcschigen Hunden auch eng an der Haut. Wie erw\u00e4hnt darf kein Finger zwischen passen!<\/p>\n<p><a href=\"https:\/\/www.snowpaws.de\/shop\/wp-content\/uploads\/sites\/2\/2017\/07\/punkte5.png\"><img loading=\"lazy\" decoding=\"async\" class=\"alignnone wp-image-796 size-medium\" src=\"https:\/\/www.snowpaws.de\/shop\/wp-content\/uploads\/sites\/2\/2017\/07\/punkte5-300x213.png\" alt=\"\" width=\"300\" height=\"213\" srcset=\"https:\/\/www.snowpaws.de\/shop\/wp-content\/uploads\/sites\/2\/2017\/07\/punkte5-300x213.png 300w, https:\/\/www.snowpaws.de\/shop\/wp-content\/uploads\/sites\/2\/2017\/07\/punkte5-768x546.png 768w, https:\/\/www.snowpaws.de\/shop\/wp-content\/uploads\/sites\/2\/2017\/07\/punkte5.png 793w\" sizes=\"auto, (max-width: 300px) 100vw, 300px\" \/><\/a><\/p>\n<p>Hinweis: Es kommt hier oft zu Missverst\u00e4ndnissen, da die anderen beiden Werte einfache Strecken sind. Hier bitte das Ma\u00dfband einmal rundherum f\u00fchren.<\/p>\n<p>Hier nochmal die ben\u00f6tigten Messwerte in einer anderen Grafik eingebunden.<\/p>\n<p>&nbsp;<\/p>\n<p><img loading=\"lazy\" decoding=\"async\" class=\"aligncenter  wp-image-42276\" src=\"https:\/\/www.snowpaws.de\/shop\/wp-content\/uploads\/sites\/2\/2025\/03\/skeleton-300x169.jpg\" alt=\"\" width=\"1239\" height=\"698\" srcset=\"https:\/\/www.snowpaws.de\/shop\/wp-content\/uploads\/sites\/2\/2025\/03\/skeleton-300x169.jpg 300w, https:\/\/www.snowpaws.de\/shop\/wp-content\/uploads\/sites\/2\/2025\/03\/skeleton-768x432.jpg 768w, https:\/\/www.snowpaws.de\/shop\/wp-content\/uploads\/sites\/2\/2025\/03\/skeleton-416x234.jpg 416w, https:\/\/www.snowpaws.de\/shop\/wp-content\/uploads\/sites\/2\/2025\/03\/skeleton.jpg 1000w\" sizes=\"auto, (max-width: 1239px) 100vw, 1239px\" \/><\/p>\n<hr>\n<p>Solltest du dir nicht sicher sein, wie du messen musst, kontaktiere uns gern per Mail oder Whatsapp \ud83d\ude42<\/p>\n<p>&nbsp;<\/p>\n<p>&nbsp;<\/p>\n","protected":false},"excerpt":{"rendered":"<p>&nbsp; Begriffserkl\u00e4rung: Das wichtigste zuerst. Die Geschirre sind f\u00fcr den Zug konzepiert, vorallem die Messungen von Hals und Brust m\u00fcssen so eng wie m\u00f6glich gemessen werden, sprich das Fell zur Seite schieben, so dass die Messung auf der Haut erfolgt. Diese Messungen sind alles Hilfsgr\u00f6ssen, die sich auf das ganze Geschirr auswirken. A:&nbsp; Wenn der [&hellip;]<\/p>\n","protected":false},"author":2,"featured_media":0,"parent":0,"menu_order":0,"comment_status":"closed","ping_status":"closed","template":"","meta":{"_seopress_robots_primary_cat":"","_seopress_titles_title":"","_seopress_titles_desc":"","_seopress_robots_index":"","ngg_post_thumbnail":0,"footnotes":""},"class_list":["post-762","page","type-page","status-publish","hentry"],"_links":{"self":[{"href":"https:\/\/www.snowpaws.de\/shop\/wp-json\/wp\/v2\/pages\/762","targetHints":{"allow":["GET"]}}],"collection":[{"href":"https:\/\/www.snowpaws.de\/shop\/wp-json\/wp\/v2\/pages"}],"about":[{"href":"https:\/\/www.snowpaws.de\/shop\/wp-json\/wp\/v2\/types\/page"}],"author":[{"embeddable":true,"href":"https:\/\/www.snowpaws.de\/shop\/wp-json\/wp\/v2\/users\/2"}],"replies":[{"embeddable":true,"href":"https:\/\/www.snowpaws.de\/shop\/wp-json\/wp\/v2\/comments?post=762"}],"version-history":[{"count":28,"href":"https:\/\/www.snowpaws.de\/shop\/wp-json\/wp\/v2\/pages\/762\/revisions"}],"predecessor-version":[{"id":42624,"href":"https:\/\/www.snowpaws.de\/shop\/wp-json\/wp\/v2\/pages\/762\/revisions\/42624"}],"wp:attachment":[{"href":"https:\/\/www.snowpaws.de\/shop\/wp-json\/wp\/v2\/media?parent=762"}],"curies":[{"name":"wp","href":"https:\/\/api.w.org\/{rel}","templated":true}]}}