{"id":42586,"date":"2026-01-30T17:58:57","date_gmt":"2026-01-30T16:58:57","guid":{"rendered":"https:\/\/www.snowpaws.de\/shop\/?page_id=42586"},"modified":"2026-03-28T12:42:21","modified_gmt":"2026-03-28T11:42:21","slug":"vertrag-widerrufen","status":"publish","type":"page","link":"https:\/\/www.snowpaws.de\/shop\/vertrag-widerrufen\/","title":{"rendered":"Vertrag widerrufen"},"content":{"rendered":"\n<p>\u00dcber dieses Formular k\u00f6nnen Bestellungen widerrufen werden. Beachten Sie:<\/p>\n\n\n\n<ul class=\"wp-block-list\">\n<li>F\u00fcr Bestellungen, die nach Kundenspezifikation angefertigt wurden, besteht kein Widerrufsrecht. Aus Kulanzgr\u00fcnden kann die Bestellung aber widerrufen werden, solange die Anfertigung noch nicht begonnen hat.<\/li>\n\n\n\n<li>Der Widerruf erfolgt nicht automatisch, er wird in jedem Fall manuell gepr\u00fcft<\/li>\n\n\n\n<li>Die Kommunikation erfolgt aus Datenschutzgr\u00fcnden \u00fcber die in der Bestellung angegebenen Kontaktm\u00f6glichkeiten<\/li>\n<\/ul>\n\n\n<style id=\"wpforms-css-vars-42588\">\n\t\t\t\t#wpforms-42588 {\n\t\t\t\t--wpforms-container-padding: 0px;\n--wpforms-container-border-width: 1px;\n--wpforms-container-border-radius: 3px;\n--wpforms-background-color: rgba(0, 0, 0, 0);\n--wpforms-field-size-input-height: 43px;\n--wpforms-field-size-input-spacing: 15px;\n--wpforms-field-size-font-size: 16px;\n--wpforms-field-size-line-height: 19px;\n--wpforms-field-size-padding-h: 14px;\n--wpforms-field-size-checkbox-size: 16px;\n--wpforms-field-size-sublabel-spacing: 5px;\n--wpforms-field-size-icon-size: 1;\n--wpforms-label-size-font-size: 16px;\n--wpforms-label-size-line-height: 19px;\n--wpforms-label-size-sublabel-font-size: 14px;\n--wpforms-label-size-sublabel-line-height: 17px;\n--wpforms-button-size-font-size: 17px;\n--wpforms-button-size-height: 41px;\n--wpforms-button-size-padding-h: 15px;\n--wpforms-button-size-margin-top: 10px;\n--wpforms-container-shadow-size-box-shadow: none;\n\t\t\t}\n\t\t\t<\/style><div class=\"wpforms-container wpforms-container-full wpforms-render-modern\" id=\"wpforms-42588\"><form id=\"wpforms-form-42588\" class=\"wpforms-validate wpforms-form wpforms-ajax-form\" data-formid=\"42588\" method=\"post\" enctype=\"multipart\/form-data\" action=\"\/shop\/wp-json\/wp\/v2\/pages\/42586\" data-token=\"14ad9975780f8be92940aab20ff9ca1a\" data-token-time=\"1776591228\"><noscript class=\"wpforms-error-noscript\">Bitte aktiviere JavaScript in deinem Browser, um dieses Formular fertigzustellen.<\/noscript><div id=\"wpforms-error-noscript\" style=\"display: none;\">Bitte aktiviere JavaScript in deinem Browser, um dieses Formular fertigzustellen.<\/div><div class=\"wpforms-field-container\"><div id=\"wpforms-42588-field_1-container\" class=\"wpforms-field wpforms-field-text\" data-field-id=\"1\"><label class=\"wpforms-field-label\" for=\"wpforms-42588-field_1\">Vorname \/ Name <span class=\"wpforms-required-label\" aria-hidden=\"true\">*<\/span><\/label><input type=\"text\" id=\"wpforms-42588-field_1\" class=\"wpforms-field-medium wpforms-field-required\" name=\"wpforms[fields][1]\" aria-errormessage=\"wpforms-42588-field_1-error\" required><\/div><div id=\"wpforms-42588-field_3-container\" class=\"wpforms-field wpforms-field-text\" data-field-id=\"3\"><label class=\"wpforms-field-label\" for=\"wpforms-42588-field_3\">Auftragsnummer <span class=\"wpforms-required-label\" aria-hidden=\"true\">*<\/span><\/label><input type=\"text\" id=\"wpforms-42588-field_3\" class=\"wpforms-field-medium wpforms-field-required wpforms-limit-characters-enabled\" data-form-id=\"42588\" data-field-id=\"3\" data-text-limit=\"16\" name=\"wpforms[fields][3]\" aria-errormessage=\"wpforms-42588-field_3-error\" maxlength=\"16\" required><\/div>\t\t<div id=\"wpforms-42588-field_4-container\"\n\t\t\tclass=\"wpforms-field wpforms-field-text\"\n\t\t\tdata-field-type=\"text\"\n\t\t\tdata-field-id=\"4\"\n\t\t\t>\n\t\t\t<label class=\"wpforms-field-label\" for=\"wpforms-42588-field_4\" >Vorname \/ Kontaktm\u00f6glichkeiten<\/label>\n\t\t\t<input type=\"text\" id=\"wpforms-42588-field_4\" class=\"wpforms-field-medium\" name=\"wpforms[fields][4]\" >\n\t\t<\/div>\n\t\t<div id=\"wpforms-42588-field_5-container\" class=\"wpforms-field wpforms-field-checkbox\" data-field-id=\"5\"><fieldset><legend class=\"wpforms-field-label\">Kontaktm\u00f6glichkeiten <span class=\"wpforms-required-label\" aria-hidden=\"true\">*<\/span><\/legend><ul id=\"wpforms-42588-field_5\" class=\"wpforms-field-required\"><li class=\"choice-1 depth-1\"><input type=\"checkbox\" id=\"wpforms-42588-field_5_1\" name=\"wpforms[fields][5][]\" value=\"E-Mail\" aria-errormessage=\"wpforms-42588-field_5_1-error\" required ><label class=\"wpforms-field-label-inline\" for=\"wpforms-42588-field_5_1\">E-Mail<\/label><\/li><li class=\"choice-2 depth-1\"><input type=\"checkbox\" id=\"wpforms-42588-field_5_2\" name=\"wpforms[fields][5][]\" value=\"Telefon\" aria-errormessage=\"wpforms-42588-field_5_2-error\" required ><label class=\"wpforms-field-label-inline\" for=\"wpforms-42588-field_5_2\">Telefon<\/label><\/li><li class=\"choice-4 depth-1\"><input type=\"checkbox\" id=\"wpforms-42588-field_5_4\" name=\"wpforms[fields][5][]\" value=\"WhatsApp\" aria-errormessage=\"wpforms-42588-field_5_4-error\" required ><label class=\"wpforms-field-label-inline\" for=\"wpforms-42588-field_5_4\">WhatsApp<\/label><\/li><\/ul><\/fieldset><\/div><div id=\"wpforms-42588-field_2-container\" class=\"wpforms-field wpforms-field-textarea\" data-field-id=\"2\"><label class=\"wpforms-field-label\" for=\"wpforms-42588-field_2\">Bemerkungen (optional)<\/label><textarea id=\"wpforms-42588-field_2\" class=\"wpforms-field-medium\" name=\"wpforms[fields][2]\" placeholder=\"Bei Teilstornierung bitte ausf\u00fcllen\" aria-errormessage=\"wpforms-42588-field_2-error\" ><\/textarea><\/div><script>\n\t\t\t\t( function() {\n\t\t\t\t\tconst style = document.createElement( 'style' );\n\t\t\t\t\tstyle.appendChild( document.createTextNode( '#wpforms-42588-field_4-container { position: absolute !important; overflow: hidden !important; display: inline !important; height: 1px !important; width: 1px !important; z-index: -1000 !important; padding: 0 !important; } #wpforms-42588-field_4-container input { visibility: hidden; } #wpforms-conversational-form-page #wpforms-42588-field_4-container label { counter-increment: none; }' ) );\n\t\t\t\t\tdocument.head.appendChild( style );\n\t\t\t\t\tdocument.currentScript?.remove();\n\t\t\t\t} )();\n\t\t\t<\/script><\/div><!-- .wpforms-field-container --><div class=\"wpforms-submit-container\" ><input type=\"hidden\" name=\"wpforms[id]\" value=\"42588\"><input type=\"hidden\" name=\"page_title\" value=\"\"><input type=\"hidden\" name=\"page_url\" value=\"https:\/\/www.snowpaws.de\/shop\/wp-json\/wp\/v2\/pages\/42586\"><input type=\"hidden\" name=\"url_referer\" value=\"\"><button type=\"submit\" name=\"wpforms[submit]\" id=\"wpforms-submit-42588\" class=\"wpforms-submit\" data-alt-text=\"Wird gesendet\u00a0\u2026\" data-submit-text=\"Vertrag widerrufen\" aria-live=\"assertive\" value=\"wpforms-submit\">Vertrag widerrufen<\/button><img loading=\"lazy\" decoding=\"async\" src=\"https:\/\/www.snowpaws.de\/shop\/wp-content\/plugins\/wpforms-lite\/assets\/images\/submit-spin.svg\" class=\"wpforms-submit-spinner\" style=\"display: none;\" width=\"26\" height=\"26\" alt=\"Wird geladen\"><\/div><\/form><\/div>  <!-- .wpforms-container -->\n\n<form class=\"woocommerce-form woocommerce-form-order-withdrawal-request order-withdrawal-request\" method=\"post\">\n\t\n\t<div class=\"eu-owb-notice-wrapper\"><\/div>\n\n\t<div class=\"eu-owb-form-fields\">\n\t\t\t\t\t<div class=\"form-row form-row-first\">\n\t\t\t\t<label for=\"order-withdrawal-request-order-number\">Bestellnummer<\/label>\n\t\t\t\t<input type=\"text\" class=\"input-text\" name=\"order_number\" id=\"order-withdrawal-request-order-number\" autocomplete=\"off\" \/>\n\t\t\t<\/div>\n\n\t\t\t<div class=\"form-row form-row-last\">\n\t\t\t\t<label for=\"order-withdrawal-request-email\">E-Mail&nbsp;<span class=\"required\">*<\/span><\/label>\n\t\t\t\t<input type=\"text\" class=\"input-text\" name=\"email\" id=\"order-withdrawal-request-email\" autocomplete=\"email\" \/>\n\t\t\t<\/div>\n\n\t\t\t<div class=\"form-row form-row-first\">\n\t\t\t\t<label for=\"order-withdrawal-request-first-name\">Vorname<\/label>\n\t\t\t\t<input type=\"text\" class=\"input-text\" name=\"first_name\" id=\"order-withdrawal-request-first-name\" autocomplete=\"off\" \/>\n\t\t\t<\/div>\n\n\t\t\t<div class=\"form-row form-row-last\">\n\t\t\t\t<label for=\"order-withdrawal-request-last-name\">Nachname<\/label>\n\t\t\t\t<input type=\"text\" class=\"input-text\" name=\"last_name\" id=\"order-withdrawal-request-last-name\" autocomplete=\"off\" \/>\n\t\t\t<\/div>\n\n\t\t\t<div class=\"clear\"><\/div>\n\n\t\t\t\t\t\t\t<div class=\"order-supports-partial-withdrawal hidden\">\n\t\t\t\t\t<div class=\"form-row form-row-full\">\n\t\t\t\t\t\t<label class=\"woocommerce-form__label woocommerce-form__label-for-checkbox checkbox\" for=\"manually-select-items\">\n\t\t\t\t\t\t\t<input type=\"checkbox\" class=\"woocommerce-form__input woocommerce-form__input-checkbox input-checkbox\" name=\"manually_select_items\"  id=\"manually-select-items\" \/>\n\t\t\t\t\t\t\t<span class=\"eu-owb-woocommerce-select-certain-items-text\">Ich m\u00f6chte bestimmte Positionen f\u00fcr den Widerruf ausw\u00e4hlen.<\/span>\n\t\t\t\t\t\t\t<span class=\"notice eu-owb-woocommerce-select-certain-items-desc\">Du erh\u00e4ltst eine E-Mail-Best\u00e4tigung \u00fcber den Eingang des Widerrufs. In dieser E-Mail findest du einen Link, \u00fcber den du die Artikel f\u00fcr den Widerruf ausw\u00e4hlen kannst.<\/span>\n\t\t\t\t\t\t<\/label>\n\t\t\t\t\t<\/div>\n\t\t\t\t<\/div>\n\t\t\t\n\t\t\t\t\t\t\t<\/div>\n\n\t\n\t\t\t<div class=\"form-row form-row-submit\">\n\t\t\t<input type=\"hidden\" id=\"_wpnonce\" name=\"_wpnonce\" value=\"40cdf03c3c\" \/><input type=\"hidden\" name=\"_wp_http_referer\" value=\"\/shop\/wp-json\/wp\/v2\/pages\/42586\" \/>\t\t\t<button type=\"submit\" class=\"woocommerce-button button woocommerce-form-return_request__submit\" name=\"order_withdrawal_request\" value=\"Widerruf best\u00e4tigen\">Widerruf best\u00e4tigen<\/button>\n\t\t<\/div>\n\t\n\t<div class=\"clear\"><\/div>\n\t<\/form>\n","protected":false},"excerpt":{"rendered":"<p>\u00dcber dieses Formular k\u00f6nnen Bestellungen widerrufen werden. Beachten Sie:<\/p>\n","protected":false},"author":3,"featured_media":0,"parent":0,"menu_order":0,"comment_status":"closed","ping_status":"closed","template":"","meta":{"_seopress_robots_primary_cat":"","_seopress_titles_title":"","_seopress_titles_desc":"","_seopress_robots_index":"","ngg_post_thumbnail":0,"footnotes":""},"class_list":["post-42586","page","type-page","status-publish","hentry"],"_links":{"self":[{"href":"https:\/\/www.snowpaws.de\/shop\/wp-json\/wp\/v2\/pages\/42586","targetHints":{"allow":["GET"]}}],"collection":[{"href":"https:\/\/www.snowpaws.de\/shop\/wp-json\/wp\/v2\/pages"}],"about":[{"href":"https:\/\/www.snowpaws.de\/shop\/wp-json\/wp\/v2\/types\/page"}],"author":[{"embeddable":true,"href":"https:\/\/www.snowpaws.de\/shop\/wp-json\/wp\/v2\/users\/3"}],"replies":[{"embeddable":true,"href":"https:\/\/www.snowpaws.de\/shop\/wp-json\/wp\/v2\/comments?post=42586"}],"version-history":[{"count":4,"href":"https:\/\/www.snowpaws.de\/shop\/wp-json\/wp\/v2\/pages\/42586\/revisions"}],"predecessor-version":[{"id":42677,"href":"https:\/\/www.snowpaws.de\/shop\/wp-json\/wp\/v2\/pages\/42586\/revisions\/42677"}],"wp:attachment":[{"href":"https:\/\/www.snowpaws.de\/shop\/wp-json\/wp\/v2\/media?parent=42586"}],"curies":[{"name":"wp","href":"https:\/\/api.w.org\/{rel}","templated":true}]}}