{"id":1010,"date":"2018-09-12T22:03:32","date_gmt":"2018-09-12T20:03:32","guid":{"rendered":"https:\/\/www.snowpaws.de\/shop\/?page_id=1010"},"modified":"2021-11-23T16:12:05","modified_gmt":"2021-11-23T15:12:05","slug":"messanleitung-fuer-fuehrgeschirr-angel","status":"publish","type":"page","link":"https:\/\/www.snowpaws.de\/shop\/messanleitung-fuer-fuehrgeschirr-angel\/","title":{"rendered":"Messanleitung f\u00fcr F\u00fchrgeschirr &#8222;Angel&#8220; und &#8222;Juno&#8220;"},"content":{"rendered":"<p><\/p>\n<figure class=\"wp-block-image\"><img loading=\"lazy\" decoding=\"async\" width=\"765\" height=\"498\" class=\"wp-image-1554\" src=\"https:\/\/www.snowpaws.de\/shop\/wp-content\/uploads\/sites\/2\/2019\/02\/dog.png\" alt=\"\" srcset=\"https:\/\/www.snowpaws.de\/shop\/wp-content\/uploads\/sites\/2\/2019\/02\/dog.png 765w, https:\/\/www.snowpaws.de\/shop\/wp-content\/uploads\/sites\/2\/2019\/02\/dog-300x195.png 300w, https:\/\/www.snowpaws.de\/shop\/wp-content\/uploads\/sites\/2\/2019\/02\/dog-416x271.png 416w\" sizes=\"auto, (max-width: 765px) 100vw, 765px\" \/><\/figure>\n<p> <\/p>\n<h2 class=\"wp-block-heading\"><strong>Begriffserkl\u00e4rung:<\/strong><\/h2>\n<p> <\/p>\n<p>A: dieser Punkt bezeichnet die Mitte zwischen den Schulterbl\u00e4ttern. Wenn der Hund gerade steht und den Kopf hebt ist es genau der Knick wo der Hals aufh\u00f6rt und der R\u00fccken beginnt. F\u00fchlbar sind hier die Schulterbl\u00e4tter. Viele Hunde haben dort auch einen Richtungswechsel im Fell, so dass sich eine Halslinie abzeichnet.&nbsp;<\/p>\n<p> <\/p>\n<p>B:&nbsp;<strong>Der Beginn<\/strong>&nbsp;des Brustbeins, welches zwischen den Vorderbeinen die Brust abzeichnet. Der Punkt B ist sehr eindeutig f\u00fchlbar als knochiger Knubbel unter dem Hals. In etwa auf der H\u00f6he wo die Vorderbeine ansetzen.<\/p>\n<p> <\/p>\n<p>Brustumfang DF: Als wirklich einziges (!!) Ma\u00df, welches als&nbsp;<strong>Umfang<\/strong>&nbsp;zu messen ist.&nbsp;<\/p>\n<p> <\/p>\n<h2 class=\"wp-block-heading\">L\u00e4nge A \u2013 B (Nacken bis Brustbein) EINFACH:<\/h2>\n<p> <\/p>\n<p>F\u00fchlen Sie die Mitte der Schulterbl\u00e4tter des Hundes ziemlich genau da wo der Hals anf\u00e4ngt wenn der Hund den Kopf hebt. Legen Sie hier das Ma\u00dfband an. F\u00fchren Sie das Band enganliegend unter dem Fell am Hals nach vorne bis zum Brustbein (f\u00fchlbarer Hubbel unterhalb des Halses).<\/p>\n<p> <\/p>\n<p><strong>Hinweis: Messen Sie NUR diese einfache Strecke.&nbsp;<\/strong><\/p>\n<p> <\/p>\n<p>Die Strecke A-B ist IMMER weniger wie die H\u00e4lfte des Brustumfangs.<\/p>\n<p> <\/p>\n<h2 class=\"wp-block-heading\">&nbsp;<\/h2>\n<p> <\/p>\n<h2 class=\"wp-block-heading\">L\u00e4nge B \u2013 D (Brustbein):<\/h2>\n<p> <\/p>\n<p>Legen Sie das Ma\u00dfband beim Punkt B (f\u00fchrbarer Knubbel unter dem Hals = Beginn des Brustbeins) an und messen zwischen den Vorderpfoten bis ca. eine Handbreit bei mittelgro\u00dfen Hunden von der Achel weg. Legen Sie daf\u00fcr eine Hand hinter die Achsel des Hundes messen bis Zum Punkt wo die Hand endet.&nbsp;Dies ist der Abstand zum Brustgurt. Wenn Sie den Abstand l\u00e4nger w\u00fcnschen als eine Handbreit, dann geben Sie das Ma\u00df entsprechend l\u00e4nger an. Hilfreich kann es hier sein dem Hund einen Fade um die Brust zu legen an der Stelle wo der Brustgurt sitzen soll und dann den Abstand &#8222;Beginn Brustbein&#8220; bis Faden messen.<\/p>\n<p> <\/p>\n<p>&nbsp;<\/p>\n<p> <\/p>\n<h2 class=\"wp-block-heading\">Brustumfang DF:<\/h2>\n<p> <\/p>\n<p>Messen Sie den&nbsp;<strong>Umfang<\/strong>&nbsp;<strong>der Brust<\/strong>&nbsp;am Punkt D. Dort wo Sie zuvor die L\u00e4nge B \u2013 D bestimmt haben.<\/p>\n<p> <\/p>\n<p>Messen sie hier wirklich den Umfang. Einmal rundherum. Bei pl\u00fcschigen Hunden messen Sie unter dem Fell. Messen Sie hier ruhig so, dass noch 2 Finger Platz haben. Das Geschirr ist so einstellbar, dass es sowohl enger als auch weiter als dieses Ma\u00df gestellt werden kann.<\/p>\n<p> <\/p>\n<h2 class=\"wp-block-heading\">Bauchumfang<\/h2>\n<p> <\/p>\n<p>Bei allen Sicherheitsvarianten des Geschirrs \u201eAngel\u201c und &#8222;Juno&#8220; wird zus\u00e4tzlich der Bauchumfang hinter der letzten Rippe ben\u00f6tigt. Messen Sie diesen locker hinter dem letzten Rippenbogen.<\/p>\n<p><\/p>\n\n\n<p><\/p>\n","protected":false},"excerpt":{"rendered":"<p>Begriffserkl\u00e4rung: A: dieser Punkt bezeichnet die Mitte zwischen den Schulterbl\u00e4ttern. Wenn der Hund gerade steht und den Kopf hebt ist es genau der Knick wo der Hals aufh\u00f6rt und der R\u00fccken beginnt. F\u00fchlbar sind hier die Schulterbl\u00e4tter. Viele Hunde haben dort auch einen Richtungswechsel im Fell, so dass sich eine Halslinie abzeichnet.&nbsp; B:&nbsp;Der Beginn&nbsp;des Brustbeins, [&hellip;]<\/p>\n","protected":false},"author":2,"featured_media":0,"parent":0,"menu_order":0,"comment_status":"closed","ping_status":"closed","template":"","meta":{"_seopress_robots_primary_cat":"","_seopress_titles_title":"","_seopress_titles_desc":"","_seopress_robots_index":"","ngg_post_thumbnail":0,"footnotes":""},"class_list":["post-1010","page","type-page","status-publish","hentry"],"_links":{"self":[{"href":"https:\/\/www.snowpaws.de\/shop\/wp-json\/wp\/v2\/pages\/1010","targetHints":{"allow":["GET"]}}],"collection":[{"href":"https:\/\/www.snowpaws.de\/shop\/wp-json\/wp\/v2\/pages"}],"about":[{"href":"https:\/\/www.snowpaws.de\/shop\/wp-json\/wp\/v2\/types\/page"}],"author":[{"embeddable":true,"href":"https:\/\/www.snowpaws.de\/shop\/wp-json\/wp\/v2\/users\/2"}],"replies":[{"embeddable":true,"href":"https:\/\/www.snowpaws.de\/shop\/wp-json\/wp\/v2\/comments?post=1010"}],"version-history":[{"count":13,"href":"https:\/\/www.snowpaws.de\/shop\/wp-json\/wp\/v2\/pages\/1010\/revisions"}],"predecessor-version":[{"id":39853,"href":"https:\/\/www.snowpaws.de\/shop\/wp-json\/wp\/v2\/pages\/1010\/revisions\/39853"}],"wp:attachment":[{"href":"https:\/\/www.snowpaws.de\/shop\/wp-json\/wp\/v2\/media?parent=1010"}],"curies":[{"name":"wp","href":"https:\/\/api.w.org\/{rel}","templated":true}]}}